{"id":1542,"date":"2023-03-16T16:53:01","date_gmt":"2023-03-16T16:53:01","guid":{"rendered":"https:\/\/griech.info\/?page_id=1542"},"modified":"2023-06-08T07:50:23","modified_gmt":"2023-06-08T07:50:23","slug":"about","status":"publish","type":"page","link":"https:\/\/susigaegriaech.ch\/?page_id=1542","title":{"rendered":"\u00dcber uns"},"content":{"rendered":"<div class=\"fusion-fullwidth fullwidth-box fusion-builder-row-1 fusion-flex-container has-pattern-background has-mask-background nonhundred-percent-fullwidth non-hundred-percent-height-scrolling\" style=\"--awb-border-radius-top-left:0px;--awb-border-radius-top-right:0px;--awb-border-radius-bottom-right:0px;--awb-border-radius-bottom-left:0px;--awb-margin-top:20px;--awb-flex-wrap:wrap;\" ><div class=\"fusion-builder-row fusion-row fusion-flex-align-items-flex-start fusion-flex-content-wrap\" style=\"max-width:1302px;margin-left: calc(-5% \/ 2 );margin-right: calc(-5% \/ 2 );\"><div class=\"fusion-layout-column fusion_builder_column fusion-builder-column-0 fusion_builder_column_1_1 1_1 fusion-flex-column\" style=\"--awb-bg-size:cover;--awb-width-large:100%;--awb-margin-top-large:0px;--awb-spacing-right-large:2.375%;--awb-margin-bottom-large:0px;--awb-spacing-left-large:2.375%;--awb-width-medium:100%;--awb-order-medium:0;--awb-spacing-right-medium:2.375%;--awb-spacing-left-medium:2.375%;--awb-width-small:100%;--awb-order-small:0;--awb-margin-top-small:35px;--awb-spacing-right-small:2.375%;--awb-spacing-left-small:2.375%;\"><div class=\"fusion-column-wrapper fusion-column-has-shadow fusion-flex-justify-content-flex-start fusion-content-layout-column\"><div class=\"fusion-title title fusion-title-1 fusion-sep-none fusion-title-text fusion-title-size-three\"><h3 class=\"fusion-title-heading title-heading-left\" style=\"margin:0;text-transform:capitalize;\"><p id=\"cc-m-header-6126257180\">Das sind wir&#8230;<\/p><\/h3><\/div><div class=\"fusion-text fusion-text-1\"><p>Wir sind eine Gruppe\u00a0 junger (also die meisten) M\u00e4nner, welche das Gedankengut der alten Griechen, \u201d habe Spass und biete der Menschheit etwas zu Trinken an\u201d , weiter pflegt. Als wir vor vielen Jahren in den Brauch der alten Gr\u00fcmputurnierler einstiegen und uns aktiv an deren alljahrlichen Spielen beteiligten, stellten wir fest, dass noch ein ganz anderes Bed\u00fcrfnis dem Volk ein Anliegen war. Dieses Anliegen nahm unser Stamm sehr ernst und begann damit, der restlichen Bev\u00f6lkerung BIER auszuschenken. Nun denn, der Drang vom Volk nach immer mehr Kontakt zum susig\u00e4n Gri\u00e4chentum bewegte uns dazu, eine neue Tradition zu schaffen. Es kam, wie es kommen musste, das j\u00e4hrliche Ritual am L\u00e4set Sunntig ist nicht mehr weg zu denken. Seit\u00a02009 nehmen wir nun auch aktiv an dem begehrten Umzug des Volkes der durstigen Spiezer teil. Seit dem 27. Februar 2009 sind wir ein Verein der sich stehts um das Wohl seiner Anh\u00e4nger bem\u00fcht.<\/p>\n<\/div><div class=\"fusion-title title fusion-title-2 fusion-sep-none fusion-title-text fusion-title-size-three\"><h3 class=\"fusion-title-heading title-heading-left\" style=\"margin:0;\"><p id=\"cc-m-header-6357275680\">Nun im ernst :-)<\/p><\/h3><\/div><div class=\"fusion-text fusion-text-2\"><p>Im Ursprung sind wir eine Gr\u00fcmpelturniermannschaft. Eines Jahres bot sich die Gelegenheit, am Spiezer L\u00e4set Sunntig einen Barbetrieb zu betreiben. Dies taten wir von Jahr zu Jahr mit mehr Erfolg. Vor einigen Jahren entschlossen wir uns, auch aktiv am L\u00e4set Umzug mitzumachen. Dies fand bei der Bev\u00f6lkerung grossen Anklang. Die Susig\u00e4n Gri\u00e4chen erlangen einen immer gr\u00f6sserwerdenden Bekanntheitsgrad in der Gemeinde Spiez und Umgebung.<\/p>\n<p>Im Jahr 2012 organisierten wir zum ersten Mal erfolgreich die Spiezer Familienweihnacht in der Bucht Spiez. Ein Anlass f\u00fcr die ganze Familie.<\/p>\n<p>Der Spiezer L\u00e4ndlerbrunch, zusammen mit dem Jodlerklub Spiez, ist l\u00e4ngst auch nicht mehr aus unserem Jahresprogramm wegzudenken und erfreut jedes Jahr unz\u00e4hlige hungrige Besucherinnen und Besucher in der Spiezer Bucht.<\/p>\n<p>Seit 2017 sind wir im Besitz eines eigenen Vereinsbusses welcher auch durch unsere Passivmitglieder gemietet werden kann.<\/p>\n<p>Der Verein Susig\u00e4 Gri\u00e4ch umfasst 12 Aktivmitglieder, 1 Chauffeur und mittlerweile\u00a0\u00fcber\u00a0200 Passivmitglieder, was deutlich zeigt, das der Verein in Spiez gut verankert ist.<\/p>\n<\/div><div class=\"fusion-title title fusion-title-3 fusion-sep-none fusion-title-text fusion-title-size-three\"><h3 class=\"fusion-title-heading title-heading-left\" style=\"margin:0;\">Statuten<\/h3><\/div><div class=\"fusion-text fusion-text-3\"><p><a href=\"https:\/\/susigaegriaech.ch\/wp-content\/uploads\/2023\/06\/Statuten-Susigae-Griaech.pdf\">Statuten Susig\u00e4 Gri\u00e4ch<\/a><\/p>\n<\/div><\/div><\/div><\/div><\/div>\n","protected":false},"excerpt":{"rendered":"","protected":false},"author":2,"featured_media":0,"parent":0,"menu_order":0,"comment_status":"closed","ping_status":"closed","template":"100-width.php","meta":{"footnotes":""},"class_list":["post-1542","page","type-page","status-publish","hentry"],"yoast_head":"<!-- This site is optimized with the Yoast SEO plugin v26.9 - https:\/\/yoast.com\/product\/yoast-seo-wordpress\/ -->\n<title>\u00dcber uns - Verein Susig\u00e4 Gri\u00e4ch<\/title>\n<meta name=\"robots\" content=\"index, follow, max-snippet:-1, max-image-preview:large, max-video-preview:-1\" \/>\n<link rel=\"canonical\" href=\"https:\/\/susigaegriaech.ch\/?page_id=1542\" \/>\n<meta property=\"og:locale\" content=\"de_DE\" \/>\n<meta property=\"og:type\" content=\"article\" \/>\n<meta property=\"og:title\" content=\"\u00dcber uns - Verein Susig\u00e4 Gri\u00e4ch\" \/>\n<meta property=\"og:url\" content=\"https:\/\/susigaegriaech.ch\/?page_id=1542\" \/>\n<meta property=\"og:site_name\" content=\"Verein Susig\u00e4 Gri\u00e4ch\" \/>\n<meta property=\"article:modified_time\" content=\"2023-06-08T07:50:23+00:00\" \/>\n<meta name=\"twitter:card\" content=\"summary_large_image\" \/>\n<meta name=\"twitter:label1\" content=\"Gesch\u00e4tzte Lesezeit\" \/>\n\t<meta name=\"twitter:data1\" content=\"5\u00a0Minuten\" \/>\n<script type=\"application\/ld+json\" class=\"yoast-schema-graph\">{\"@context\":\"https:\/\/schema.org\",\"@graph\":[{\"@type\":\"WebPage\",\"@id\":\"https:\/\/susigaegriaech.ch\/?page_id=1542\",\"url\":\"https:\/\/susigaegriaech.ch\/?page_id=1542\",\"name\":\"\u00dcber uns - Verein Susig\u00e4 Gri\u00e4ch\",\"isPartOf\":{\"@id\":\"https:\/\/susigaegriaech.ch\/#website\"},\"datePublished\":\"2023-03-16T16:53:01+00:00\",\"dateModified\":\"2023-06-08T07:50:23+00:00\",\"breadcrumb\":{\"@id\":\"https:\/\/susigaegriaech.ch\/?page_id=1542#breadcrumb\"},\"inLanguage\":\"de\",\"potentialAction\":[{\"@type\":\"ReadAction\",\"target\":[\"https:\/\/susigaegriaech.ch\/?page_id=1542\"]}]},{\"@type\":\"BreadcrumbList\",\"@id\":\"https:\/\/susigaegriaech.ch\/?page_id=1542#breadcrumb\",\"itemListElement\":[{\"@type\":\"ListItem\",\"position\":1,\"name\":\"Startseite\",\"item\":\"https:\/\/susigaegriaech.ch\/\"},{\"@type\":\"ListItem\",\"position\":2,\"name\":\"\u00dcber uns\"}]},{\"@type\":\"WebSite\",\"@id\":\"https:\/\/susigaegriaech.ch\/#website\",\"url\":\"https:\/\/susigaegriaech.ch\/\",\"name\":\"Verein Susig\u00e4 Gri\u00e4ch\",\"description\":\"\",\"potentialAction\":[{\"@type\":\"SearchAction\",\"target\":{\"@type\":\"EntryPoint\",\"urlTemplate\":\"https:\/\/susigaegriaech.ch\/?s={search_term_string}\"},\"query-input\":{\"@type\":\"PropertyValueSpecification\",\"valueRequired\":true,\"valueName\":\"search_term_string\"}}],\"inLanguage\":\"de\"}]}<\/script>\n<!-- \/ Yoast SEO plugin. -->","yoast_head_json":{"title":"\u00dcber uns - Verein Susig\u00e4 Gri\u00e4ch","robots":{"index":"index","follow":"follow","max-snippet":"max-snippet:-1","max-image-preview":"max-image-preview:large","max-video-preview":"max-video-preview:-1"},"canonical":"https:\/\/susigaegriaech.ch\/?page_id=1542","og_locale":"de_DE","og_type":"article","og_title":"\u00dcber uns - Verein Susig\u00e4 Gri\u00e4ch","og_url":"https:\/\/susigaegriaech.ch\/?page_id=1542","og_site_name":"Verein Susig\u00e4 Gri\u00e4ch","article_modified_time":"2023-06-08T07:50:23+00:00","twitter_card":"summary_large_image","twitter_misc":{"Gesch\u00e4tzte Lesezeit":"5\u00a0Minuten"},"schema":{"@context":"https:\/\/schema.org","@graph":[{"@type":"WebPage","@id":"https:\/\/susigaegriaech.ch\/?page_id=1542","url":"https:\/\/susigaegriaech.ch\/?page_id=1542","name":"\u00dcber uns - Verein Susig\u00e4 Gri\u00e4ch","isPartOf":{"@id":"https:\/\/susigaegriaech.ch\/#website"},"datePublished":"2023-03-16T16:53:01+00:00","dateModified":"2023-06-08T07:50:23+00:00","breadcrumb":{"@id":"https:\/\/susigaegriaech.ch\/?page_id=1542#breadcrumb"},"inLanguage":"de","potentialAction":[{"@type":"ReadAction","target":["https:\/\/susigaegriaech.ch\/?page_id=1542"]}]},{"@type":"BreadcrumbList","@id":"https:\/\/susigaegriaech.ch\/?page_id=1542#breadcrumb","itemListElement":[{"@type":"ListItem","position":1,"name":"Startseite","item":"https:\/\/susigaegriaech.ch\/"},{"@type":"ListItem","position":2,"name":"\u00dcber uns"}]},{"@type":"WebSite","@id":"https:\/\/susigaegriaech.ch\/#website","url":"https:\/\/susigaegriaech.ch\/","name":"Verein Susig\u00e4 Gri\u00e4ch","description":"","potentialAction":[{"@type":"SearchAction","target":{"@type":"EntryPoint","urlTemplate":"https:\/\/susigaegriaech.ch\/?s={search_term_string}"},"query-input":{"@type":"PropertyValueSpecification","valueRequired":true,"valueName":"search_term_string"}}],"inLanguage":"de"}]}},"_links":{"self":[{"href":"https:\/\/susigaegriaech.ch\/index.php?rest_route=\/wp\/v2\/pages\/1542","targetHints":{"allow":["GET"]}}],"collection":[{"href":"https:\/\/susigaegriaech.ch\/index.php?rest_route=\/wp\/v2\/pages"}],"about":[{"href":"https:\/\/susigaegriaech.ch\/index.php?rest_route=\/wp\/v2\/types\/page"}],"author":[{"embeddable":true,"href":"https:\/\/susigaegriaech.ch\/index.php?rest_route=\/wp\/v2\/users\/2"}],"replies":[{"embeddable":true,"href":"https:\/\/susigaegriaech.ch\/index.php?rest_route=%2Fwp%2Fv2%2Fcomments&post=1542"}],"version-history":[{"count":3,"href":"https:\/\/susigaegriaech.ch\/index.php?rest_route=\/wp\/v2\/pages\/1542\/revisions"}],"predecessor-version":[{"id":2406,"href":"https:\/\/susigaegriaech.ch\/index.php?rest_route=\/wp\/v2\/pages\/1542\/revisions\/2406"}],"wp:attachment":[{"href":"https:\/\/susigaegriaech.ch\/index.php?rest_route=%2Fwp%2Fv2%2Fmedia&parent=1542"}],"curies":[{"name":"wp","href":"https:\/\/api.w.org\/{rel}","templated":true}]}}