{"id":1802,"date":"2023-03-23T15:15:45","date_gmt":"2023-03-23T15:15:45","guid":{"rendered":"https:\/\/griech.info\/?page_id=1802"},"modified":"2023-06-08T07:49:18","modified_gmt":"2023-06-08T07:49:18","slug":"privacy-policy","status":"publish","type":"page","link":"https:\/\/susigaegriaech.ch\/?page_id=1802","title":{"rendered":"Impressum"},"content":{"rendered":"<div class=\"fusion-fullwidth fullwidth-box fusion-builder-row-1 fusion-flex-container has-pattern-background has-mask-background nonhundred-percent-fullwidth non-hundred-percent-height-scrolling\" style=\"--awb-border-radius-top-left:0px;--awb-border-radius-top-right:0px;--awb-border-radius-bottom-right:0px;--awb-border-radius-bottom-left:0px;--awb-flex-wrap:wrap;\" ><div class=\"fusion-builder-row fusion-row fusion-flex-align-items-flex-start fusion-flex-content-wrap\" style=\"max-width:1302px;margin-left: calc(-5% \/ 2 );margin-right: calc(-5% \/ 2 );\"><div class=\"fusion-layout-column fusion_builder_column fusion-builder-column-0 fusion_builder_column_1_1 1_1 fusion-flex-column\" style=\"--awb-bg-size:cover;--awb-width-large:100%;--awb-margin-top-large:0px;--awb-spacing-right-large:2.375%;--awb-margin-bottom-large:0px;--awb-spacing-left-large:2.375%;--awb-width-medium:100%;--awb-order-medium:0;--awb-spacing-right-medium:2.375%;--awb-spacing-left-medium:2.375%;--awb-width-small:100%;--awb-order-small:0;--awb-spacing-right-small:2.375%;--awb-spacing-left-small:2.375%;\"><div class=\"fusion-column-wrapper fusion-column-has-shadow fusion-flex-justify-content-flex-start fusion-content-layout-column\"><div class=\"fusion-title title fusion-title-1 fusion-sep-none fusion-title-text fusion-title-size-three\"><h3 class=\"fusion-title-heading title-heading-left\" style=\"margin:0;\">Pr\u00e4sident<\/h3><\/div><div class=\"fusion-text fusion-text-1\"><p>Urs Ziegler<\/p>\n<\/div><div class=\"fusion-title title fusion-title-2 fusion-sep-none fusion-title-text fusion-title-size-three\"><h3 class=\"fusion-title-heading title-heading-left\" style=\"margin:0;\">Vizepr\u00e4sident<\/h3><\/div><div class=\"fusion-text fusion-text-2\"><p>Marc Gerber<\/p>\n<\/div><div class=\"fusion-title title fusion-title-3 fusion-sep-none fusion-title-text fusion-title-size-three\"><h3 class=\"fusion-title-heading title-heading-left\" style=\"margin:0;\">Webseite<\/h3><\/div><div class=\"fusion-text fusion-text-3\"><p>Matthias Zurbr\u00fcgg<\/p>\n<\/div><\/div><\/div><\/div><\/div>\n","protected":false},"excerpt":{"rendered":"","protected":false},"author":2,"featured_media":0,"parent":0,"menu_order":0,"comment_status":"closed","ping_status":"closed","template":"100-width.php","meta":{"footnotes":""},"class_list":["post-1802","page","type-page","status-publish","hentry"],"yoast_head":"<!-- This site is optimized with the Yoast SEO plugin v26.9 - https:\/\/yoast.com\/product\/yoast-seo-wordpress\/ -->\n<title>Impressum - Verein Susig\u00e4 Gri\u00e4ch<\/title>\n<meta name=\"robots\" content=\"index, follow, max-snippet:-1, max-image-preview:large, max-video-preview:-1\" \/>\n<link rel=\"canonical\" href=\"https:\/\/susigaegriaech.ch\/?page_id=1802\" \/>\n<meta property=\"og:locale\" content=\"de_DE\" \/>\n<meta property=\"og:type\" content=\"article\" \/>\n<meta property=\"og:title\" content=\"Impressum - Verein Susig\u00e4 Gri\u00e4ch\" \/>\n<meta property=\"og:url\" content=\"https:\/\/susigaegriaech.ch\/?page_id=1802\" \/>\n<meta property=\"og:site_name\" content=\"Verein Susig\u00e4 Gri\u00e4ch\" \/>\n<meta property=\"article:modified_time\" content=\"2023-06-08T07:49:18+00:00\" \/>\n<meta name=\"twitter:card\" content=\"summary_large_image\" \/>\n<meta name=\"twitter:label1\" content=\"Gesch\u00e4tzte Lesezeit\" \/>\n\t<meta name=\"twitter:data1\" content=\"4\u00a0Minuten\" \/>\n<script type=\"application\/ld+json\" class=\"yoast-schema-graph\">{\"@context\":\"https:\/\/schema.org\",\"@graph\":[{\"@type\":\"WebPage\",\"@id\":\"https:\/\/susigaegriaech.ch\/?page_id=1802\",\"url\":\"https:\/\/susigaegriaech.ch\/?page_id=1802\",\"name\":\"Impressum - Verein Susig\u00e4 Gri\u00e4ch\",\"isPartOf\":{\"@id\":\"https:\/\/susigaegriaech.ch\/#website\"},\"datePublished\":\"2023-03-23T15:15:45+00:00\",\"dateModified\":\"2023-06-08T07:49:18+00:00\",\"breadcrumb\":{\"@id\":\"https:\/\/susigaegriaech.ch\/?page_id=1802#breadcrumb\"},\"inLanguage\":\"de\",\"potentialAction\":[{\"@type\":\"ReadAction\",\"target\":[\"https:\/\/susigaegriaech.ch\/?page_id=1802\"]}]},{\"@type\":\"BreadcrumbList\",\"@id\":\"https:\/\/susigaegriaech.ch\/?page_id=1802#breadcrumb\",\"itemListElement\":[{\"@type\":\"ListItem\",\"position\":1,\"name\":\"Startseite\",\"item\":\"https:\/\/susigaegriaech.ch\/\"},{\"@type\":\"ListItem\",\"position\":2,\"name\":\"Impressum\"}]},{\"@type\":\"WebSite\",\"@id\":\"https:\/\/susigaegriaech.ch\/#website\",\"url\":\"https:\/\/susigaegriaech.ch\/\",\"name\":\"Verein Susig\u00e4 Gri\u00e4ch\",\"description\":\"\",\"potentialAction\":[{\"@type\":\"SearchAction\",\"target\":{\"@type\":\"EntryPoint\",\"urlTemplate\":\"https:\/\/susigaegriaech.ch\/?s={search_term_string}\"},\"query-input\":{\"@type\":\"PropertyValueSpecification\",\"valueRequired\":true,\"valueName\":\"search_term_string\"}}],\"inLanguage\":\"de\"}]}<\/script>\n<!-- \/ Yoast SEO plugin. -->","yoast_head_json":{"title":"Impressum - Verein Susig\u00e4 Gri\u00e4ch","robots":{"index":"index","follow":"follow","max-snippet":"max-snippet:-1","max-image-preview":"max-image-preview:large","max-video-preview":"max-video-preview:-1"},"canonical":"https:\/\/susigaegriaech.ch\/?page_id=1802","og_locale":"de_DE","og_type":"article","og_title":"Impressum - Verein Susig\u00e4 Gri\u00e4ch","og_url":"https:\/\/susigaegriaech.ch\/?page_id=1802","og_site_name":"Verein Susig\u00e4 Gri\u00e4ch","article_modified_time":"2023-06-08T07:49:18+00:00","twitter_card":"summary_large_image","twitter_misc":{"Gesch\u00e4tzte Lesezeit":"4\u00a0Minuten"},"schema":{"@context":"https:\/\/schema.org","@graph":[{"@type":"WebPage","@id":"https:\/\/susigaegriaech.ch\/?page_id=1802","url":"https:\/\/susigaegriaech.ch\/?page_id=1802","name":"Impressum - Verein Susig\u00e4 Gri\u00e4ch","isPartOf":{"@id":"https:\/\/susigaegriaech.ch\/#website"},"datePublished":"2023-03-23T15:15:45+00:00","dateModified":"2023-06-08T07:49:18+00:00","breadcrumb":{"@id":"https:\/\/susigaegriaech.ch\/?page_id=1802#breadcrumb"},"inLanguage":"de","potentialAction":[{"@type":"ReadAction","target":["https:\/\/susigaegriaech.ch\/?page_id=1802"]}]},{"@type":"BreadcrumbList","@id":"https:\/\/susigaegriaech.ch\/?page_id=1802#breadcrumb","itemListElement":[{"@type":"ListItem","position":1,"name":"Startseite","item":"https:\/\/susigaegriaech.ch\/"},{"@type":"ListItem","position":2,"name":"Impressum"}]},{"@type":"WebSite","@id":"https:\/\/susigaegriaech.ch\/#website","url":"https:\/\/susigaegriaech.ch\/","name":"Verein Susig\u00e4 Gri\u00e4ch","description":"","potentialAction":[{"@type":"SearchAction","target":{"@type":"EntryPoint","urlTemplate":"https:\/\/susigaegriaech.ch\/?s={search_term_string}"},"query-input":{"@type":"PropertyValueSpecification","valueRequired":true,"valueName":"search_term_string"}}],"inLanguage":"de"}]}},"_links":{"self":[{"href":"https:\/\/susigaegriaech.ch\/index.php?rest_route=\/wp\/v2\/pages\/1802","targetHints":{"allow":["GET"]}}],"collection":[{"href":"https:\/\/susigaegriaech.ch\/index.php?rest_route=\/wp\/v2\/pages"}],"about":[{"href":"https:\/\/susigaegriaech.ch\/index.php?rest_route=\/wp\/v2\/types\/page"}],"author":[{"embeddable":true,"href":"https:\/\/susigaegriaech.ch\/index.php?rest_route=\/wp\/v2\/users\/2"}],"replies":[{"embeddable":true,"href":"https:\/\/susigaegriaech.ch\/index.php?rest_route=%2Fwp%2Fv2%2Fcomments&post=1802"}],"version-history":[{"count":2,"href":"https:\/\/susigaegriaech.ch\/index.php?rest_route=\/wp\/v2\/pages\/1802\/revisions"}],"predecessor-version":[{"id":2405,"href":"https:\/\/susigaegriaech.ch\/index.php?rest_route=\/wp\/v2\/pages\/1802\/revisions\/2405"}],"wp:attachment":[{"href":"https:\/\/susigaegriaech.ch\/index.php?rest_route=%2Fwp%2Fv2%2Fmedia&parent=1802"}],"curies":[{"name":"wp","href":"https:\/\/api.w.org\/{rel}","templated":true}]}}